{"id":346,"date":"2018-10-27T17:02:38","date_gmt":"2018-10-27T15:02:38","guid":{"rendered":"http:\/\/do-main-tauber.de\/\/?page_id=346"},"modified":"2023-05-30T19:56:56","modified_gmt":"2023-05-30T17:56:56","slug":"wer-wir-sind","status":"publish","type":"page","link":"https:\/\/do-main-tauber.de\/?page_id=346","title":{"rendered":"\u00dcber uns"},"content":{"rendered":"<div data-elementor-type=\"wp-page\" data-elementor-id=\"346\" class=\"elementor elementor-346\">\n\t\t\t\t\t\t<section class=\"elementor-section elementor-top-section elementor-element elementor-element-41154ccb elementor-section-boxed elementor-section-height-default elementor-section-height-default\" data-id=\"41154ccb\" data-element_type=\"section\" data-e-type=\"section\">\n\t\t\t\t\t\t<div class=\"elementor-container elementor-column-gap-default\">\n\t\t\t\t\t<div class=\"elementor-column elementor-col-100 elementor-top-column elementor-element elementor-element-36446031\" data-id=\"36446031\" data-element_type=\"column\" data-e-type=\"column\">\n\t\t\t<div class=\"elementor-widget-wrap elementor-element-populated\">\n\t\t\t\t\t\t<div class=\"elementor-element elementor-element-25df7d61 elementor-widget elementor-widget-text-editor\" data-id=\"25df7d61\" data-element_type=\"widget\" data-e-type=\"widget\" data-widget_type=\"text-editor.default\">\n\t\t\t\t<div class=\"elementor-widget-container\">\n\t\t\t\t\t\t\t\t\t<p>Im September 2017 (deshalb auch die E-Mail <a href=\"mailto:domt0917@web.de\">domt0917@web.de<\/a>) fand sich eine Handvoll Ducatisti, die ihre Begeisterung f\u00fcr die Motorr\u00e4der der Marke DUCATI&nbsp; unbedingt mit anderen teilen wollten. Wie so oft, werden neue Ideen schnell totgesagt, aber wir lie\u00dfen uns nicht beirren, verteilten Visitenkarten mit unserem Logo und Adressdaten wenn wir eine DUCATI stehen sahen, besuchten Motorradmessen und gr\u00fcndeten eine Seite auf Facebook. All dies um Gleichgesinnte zu finden, die unseren Traum von einem Ducati Club in der Region Mainfranken\/Tauber teilen und genau wie wir darauf gewartet haben, dass endlich jemand das Heft in die Hand nimmt und die Idee Wirklichkeit werden l\u00e4sst.<\/p><p>Und der Erfolg gab uns Recht! Unsere Facebook-Community umfasst mittlerweile ca.90 Follower und zu unseren monatlichen Stammtischen kommen regelm\u00e4\u00dfig etwa 20 Ducatisti. Und immer ist jemand Neues dabei! K\u00f6nnt ihr euch vorstellen wie es klingt, wenn 20 Ducatisti beim Italiener vorfahren um sich zum Stammtisch zu treffen? G\u00e4nsehaut pur!<\/p><p>Gleiches gilt f\u00fcr unsere monatlichen Ausfahrten zwischen April und Oktober. Unter \u201eTermine\u201c findest du weitere Informationen.<\/p><p>Egal ob du eine Monster, eine Streetfighter, eine Multistrada, eine Diavel, eine Panigale oder gar eine Scrambler f\u00e4hrst. Bei uns bist du richtig, wenn du begeistert bist von dem Sound des L-Twins bzw. V4, dem einmaligen italienischen Design und der puren Leidenschaft, die diese Motorr\u00e4der verstr\u00f6men!<\/p><p>Forza DUCATI!<\/p><p>Bj\u00f6rn<\/p>\t\t\t\t\t\t\t\t<\/div>\n\t\t\t\t<\/div>\n\t\t\t\t\t<\/div>\n\t\t<\/div>\n\t\t\t\t\t<\/div>\n\t\t<\/section>\n\t\t\t\t<section class=\"elementor-section elementor-top-section elementor-element elementor-element-491f0a9 elementor-section-boxed elementor-section-height-default elementor-section-height-default\" data-id=\"491f0a9\" data-element_type=\"section\" data-e-type=\"section\">\n\t\t\t\t\t\t<div class=\"elementor-container elementor-column-gap-default\">\n\t\t\t\t\t<div class=\"elementor-column elementor-col-100 elementor-top-column elementor-element elementor-element-a7a193a\" data-id=\"a7a193a\" data-element_type=\"column\" data-e-type=\"column\">\n\t\t\t<div class=\"elementor-widget-wrap elementor-element-populated\">\n\t\t\t\t\t\t<div class=\"elementor-element elementor-element-8ec5d55 elementor-widget elementor-widget-heading\" data-id=\"8ec5d55\" data-element_type=\"widget\" data-e-type=\"widget\" data-widget_type=\"heading.default\">\n\t\t\t\t<div class=\"elementor-widget-container\">\n\t\t\t\t\t<h2 class=\"elementor-heading-title elementor-size-default\">Vorstandschaft des D.O.C - Main - Tauber<\/h2>\t\t\t\t<\/div>\n\t\t\t\t<\/div>\n\t\t\t\t\t<\/div>\n\t\t<\/div>\n\t\t\t\t\t<\/div>\n\t\t<\/section>\n\t\t\t\t<section class=\"elementor-section elementor-top-section elementor-element elementor-element-3b58f68 elementor-section-boxed elementor-section-height-default elementor-section-height-default\" data-id=\"3b58f68\" data-element_type=\"section\" data-e-type=\"section\">\n\t\t\t\t\t\t<div class=\"elementor-container elementor-column-gap-default\">\n\t\t\t\t\t<div class=\"elementor-column elementor-col-100 elementor-top-column elementor-element elementor-element-4d36150\" data-id=\"4d36150\" data-element_type=\"column\" data-e-type=\"column\">\n\t\t\t<div class=\"elementor-widget-wrap elementor-element-populated\">\n\t\t\t\t\t\t<div class=\"elementor-element elementor-element-4d9d358 elementor-widget elementor-widget-image\" data-id=\"4d9d358\" data-element_type=\"widget\" data-e-type=\"widget\" data-widget_type=\"image.default\">\n\t\t\t\t<div class=\"elementor-widget-container\">\n\t\t\t\t\t\t\t\t\t\t\t\t\t\t\t<noscript><img fetchpriority=\"high\" decoding=\"async\" width=\"1024\" height=\"768\" src=\"https:\/\/do-main-tauber.de\/wp-content\/uploads\/2022\/11\/IMG_0705-1024x768.jpeg\" class=\"attachment-large size-large wp-image-1345\" alt srcset=\"https:\/\/do-main-tauber.de\/wp-content\/uploads\/2022\/11\/IMG_0705-1024x768.jpeg 1024w, https:\/\/do-main-tauber.de\/wp-content\/uploads\/2022\/11\/IMG_0705-300x225.jpeg 300w, https:\/\/do-main-tauber.de\/wp-content\/uploads\/2022\/11\/IMG_0705-768x576.jpeg 768w, https:\/\/do-main-tauber.de\/wp-content\/uploads\/2022\/11\/IMG_0705-1536x1152.jpeg 1536w, https:\/\/do-main-tauber.de\/wp-content\/uploads\/2022\/11\/IMG_0705-2048x1536.jpeg 2048w\" sizes=\"(max-width: 1024px) 100vw, 1024px\"><\/noscript><img fetchpriority=\"high\" decoding=\"async\" width=\"1024\" height=\"768\" src=\"data:image\/svg+xml,%3Csvg%20xmlns%3D%22http%3A%2F%2Fwww.w3.org%2F2000%2Fsvg%22%20viewBox%3D%220%200%201024%20768%22%3E%3C%2Fsvg%3E\" class=\"attachment-large size-large wp-image-1345 lazyload\" alt srcset=\"data:image\/svg+xml,%3Csvg%20xmlns%3D%22http%3A%2F%2Fwww.w3.org%2F2000%2Fsvg%22%20viewBox%3D%220%200%201024%20768%22%3E%3C%2Fsvg%3E 1024w\" sizes=\"(max-width: 1024px) 100vw, 1024px\" data-srcset=\"https:\/\/do-main-tauber.de\/wp-content\/uploads\/2022\/11\/IMG_0705-1024x768.jpeg 1024w, https:\/\/do-main-tauber.de\/wp-content\/uploads\/2022\/11\/IMG_0705-300x225.jpeg 300w, https:\/\/do-main-tauber.de\/wp-content\/uploads\/2022\/11\/IMG_0705-768x576.jpeg 768w, https:\/\/do-main-tauber.de\/wp-content\/uploads\/2022\/11\/IMG_0705-1536x1152.jpeg 1536w, https:\/\/do-main-tauber.de\/wp-content\/uploads\/2022\/11\/IMG_0705-2048x1536.jpeg 2048w\" data-src=\"https:\/\/do-main-tauber.de\/wp-content\/uploads\/2022\/11\/IMG_0705-1024x768.jpeg\">\t\t\t\t\t\t\t\t\t\t\t\t\t\t\t<\/div>\n\t\t\t\t<\/div>\n\t\t\t\t\t<\/div>\n\t\t<\/div>\n\t\t\t\t\t<\/div>\n\t\t<\/section>\n\t\t\t\t<section class=\"elementor-section elementor-top-section elementor-element elementor-element-c2051d8 elementor-section-boxed elementor-section-height-default elementor-section-height-default\" data-id=\"c2051d8\" data-element_type=\"section\" data-e-type=\"section\">\n\t\t\t\t\t\t<div class=\"elementor-container elementor-column-gap-default\">\n\t\t\t\t\t<div class=\"elementor-column elementor-col-100 elementor-top-column elementor-element elementor-element-c61333f\" data-id=\"c61333f\" data-element_type=\"column\" data-e-type=\"column\">\n\t\t\t<div class=\"elementor-widget-wrap elementor-element-populated\">\n\t\t\t\t\t\t<div class=\"elementor-element elementor-element-c4a0958 elementor-widget elementor-widget-heading\" data-id=\"c4a0958\" data-element_type=\"widget\" data-e-type=\"widget\" data-widget_type=\"heading.default\">\n\t\t\t\t<div class=\"elementor-widget-container\">\n\t\t\t\t\t<h2 class=\"elementor-heading-title elementor-size-default\">Michael Weckbart  (Vizepr\u00e4sident) - Bernhard Renner (Schriftf\u00fchrer) - Bj\u00f6rn Keller (Pr\u00e4sident)<\/h2>\t\t\t\t<\/div>\n\t\t\t\t<\/div>\n\t\t\t\t\t<\/div>\n\t\t<\/div>\n\t\t\t\t\t<\/div>\n\t\t<\/section>\n\t\t\t\t<\/div>\n\t\t","protected":false},"excerpt":{"rendered":"<p>Im September 2017 (deshalb auch die E-Mail domt0917@web.de) fand sich eine Handvoll Ducatisti, die ihre Begeisterung f\u00fcr die Motorr\u00e4der der Marke DUCATI&nbsp; unbedingt mit anderen teilen wollten. Wie so oft, werden neue Ideen schnell totgesagt, aber wir lie\u00dfen uns nicht beirren, verteilten Visitenkarten mit unserem Logo und Adressdaten wenn wir eine DUCATI stehen sahen, besuchten [&hellip;]<\/p>\n","protected":false},"author":6,"featured_media":0,"parent":0,"menu_order":0,"comment_status":"closed","ping_status":"closed","template":"","meta":{"_bbp_topic_count":0,"_bbp_reply_count":0,"_bbp_total_topic_count":0,"_bbp_total_reply_count":0,"_bbp_voice_count":0,"_bbp_anonymous_reply_count":0,"_bbp_topic_count_hidden":0,"_bbp_reply_count_hidden":0,"_bbp_forum_subforum_count":0,"ocean_post_layout":"full-screen","ocean_both_sidebars_style":"","ocean_both_sidebars_content_width":0,"ocean_both_sidebars_sidebars_width":0,"ocean_sidebar":"0","ocean_second_sidebar":"0","ocean_disable_margins":"enable","ocean_add_body_class":"","ocean_shortcode_before_top_bar":"","ocean_shortcode_after_top_bar":"","ocean_shortcode_before_header":"","ocean_shortcode_after_header":"","ocean_has_shortcode":"","ocean_shortcode_after_title":"","ocean_shortcode_before_footer_widgets":"","ocean_shortcode_after_footer_widgets":"","ocean_shortcode_before_footer_bottom":"","ocean_shortcode_after_footer_bottom":"","ocean_display_top_bar":"default","ocean_display_header":"default","ocean_header_style":"","ocean_center_header_left_menu":"0","ocean_custom_header_template":"0","ocean_custom_logo":0,"ocean_custom_retina_logo":0,"ocean_custom_logo_max_width":0,"ocean_custom_logo_tablet_max_width":0,"ocean_custom_logo_mobile_max_width":0,"ocean_custom_logo_max_height":0,"ocean_custom_logo_tablet_max_height":0,"ocean_custom_logo_mobile_max_height":0,"ocean_header_custom_menu":"0","ocean_menu_typo_font_family":"0","ocean_menu_typo_font_subset":"","ocean_menu_typo_font_size":0,"ocean_menu_typo_font_size_tablet":0,"ocean_menu_typo_font_size_mobile":0,"ocean_menu_typo_font_size_unit":"px","ocean_menu_typo_font_weight":"","ocean_menu_typo_font_weight_tablet":"","ocean_menu_typo_font_weight_mobile":"","ocean_menu_typo_transform":"","ocean_menu_typo_transform_tablet":"","ocean_menu_typo_transform_mobile":"","ocean_menu_typo_line_height":0,"ocean_menu_typo_line_height_tablet":0,"ocean_menu_typo_line_height_mobile":0,"ocean_menu_typo_line_height_unit":"","ocean_menu_typo_spacing":0,"ocean_menu_typo_spacing_tablet":0,"ocean_menu_typo_spacing_mobile":0,"ocean_menu_typo_spacing_unit":"","ocean_menu_link_color":"","ocean_menu_link_color_hover":"","ocean_menu_link_color_active":"","ocean_menu_link_background":"","ocean_menu_link_hover_background":"","ocean_menu_link_active_background":"","ocean_menu_social_links_bg":"","ocean_menu_social_hover_links_bg":"","ocean_menu_social_links_color":"","ocean_menu_social_hover_links_color":"","ocean_disable_title":"default","ocean_disable_heading":"default","ocean_post_title":"","ocean_post_subheading":"","ocean_post_title_style":"","ocean_post_title_background_color":"","ocean_post_title_background":0,"ocean_post_title_bg_image_position":"","ocean_post_title_bg_image_attachment":"","ocean_post_title_bg_image_repeat":"","ocean_post_title_bg_image_size":"","ocean_post_title_height":0,"ocean_post_title_bg_overlay":0.5,"ocean_post_title_bg_overlay_color":"","ocean_disable_breadcrumbs":"default","ocean_breadcrumbs_color":"","ocean_breadcrumbs_separator_color":"","ocean_breadcrumbs_links_color":"","ocean_breadcrumbs_links_hover_color":"","ocean_display_footer_widgets":"default","ocean_display_footer_bottom":"default","ocean_custom_footer_template":"0","footnotes":""},"class_list":["post-346","page","type-page","status-publish","hentry","entry"],"aioseo_notices":[],"_links":{"self":[{"href":"https:\/\/do-main-tauber.de\/index.php?rest_route=\/wp\/v2\/pages\/346","targetHints":{"allow":["GET"]}}],"collection":[{"href":"https:\/\/do-main-tauber.de\/index.php?rest_route=\/wp\/v2\/pages"}],"about":[{"href":"https:\/\/do-main-tauber.de\/index.php?rest_route=\/wp\/v2\/types\/page"}],"author":[{"embeddable":true,"href":"https:\/\/do-main-tauber.de\/index.php?rest_route=\/wp\/v2\/users\/6"}],"replies":[{"embeddable":true,"href":"https:\/\/do-main-tauber.de\/index.php?rest_route=%2Fwp%2Fv2%2Fcomments&post=346"}],"version-history":[{"count":0,"href":"https:\/\/do-main-tauber.de\/index.php?rest_route=\/wp\/v2\/pages\/346\/revisions"}],"wp:attachment":[{"href":"https:\/\/do-main-tauber.de\/index.php?rest_route=%2Fwp%2Fv2%2Fmedia&parent=346"}],"curies":[{"name":"wp","href":"https:\/\/api.w.org\/{rel}","templated":true}]}}